{"id":959,"date":"2017-10-03T23:46:17","date_gmt":"2017-10-03T23:46:17","guid":{"rendered":"http:\/\/mirlaindustry.com\/site\/?page_id=959"},"modified":"2017-10-03T23:46:17","modified_gmt":"2017-10-03T23:46:17","slug":"software","status":"publish","type":"page","link":"https:\/\/mirlaindustry.com\/site\/software\/","title":{"rendered":"SOFTWARE"},"content":{"rendered":"<p>&nbsp;<\/p>\n<p>Nuestro Software de Gesti\u00f3n de Almacenes (SGA) ofrece una extensa gama de funcionalidades que permiten trabajar de forma eficiente en cada una de las \u00e1reas y procesos del almac\u00e9n.<\/p>\n<p>Es un potente software, robusto, vers\u00e1til y flexible que simplifica y optimiza al m\u00e1ximo la gesti\u00f3n de su almac\u00e9n. Complejo o sencillo, grande o peque\u00f1o, autom\u00e1tico o manual, sea cual sea su negocio o sector, Easy WMS tiene una soluci\u00f3n para todo tipo de almacenes.<\/p>\n<p>\u00bfPor qu\u00e9 un SGA puede hacer que su almac\u00e9n sea rentable?<br \/>\nCon la instalaci\u00f3n de un Software de Gesti\u00f3n de Almacenes (SGA) podr\u00e1 optimizar todos los movimientos, procesos y operativas dentro de su almac\u00e9n. Esto se traducir\u00e1 en un ahorro de costes y una mejora en la calidad del servicio.<\/p>\n<p>Con Easy WMS podr\u00e1 controlar:<\/p>\n<ul>\n<li>Las recepciones de mercanc\u00eda<\/li>\n<li>Todas las tareas de almacenaje<\/li>\n<li>El proceso de preparaci\u00f3n de pedidos y expedici\u00f3n<\/li>\n<\/ul>\n","protected":false},"excerpt":{"rendered":"<p>&nbsp; Nuestro Software de Gesti\u00f3n de Almacenes (SGA) ofrece una extensa gama de funcionalidades que permiten trabajar de forma eficiente en cada una de las \u00e1reas y procesos del almac\u00e9n. Es un potente software, robusto, vers\u00e1til y flexible que simplifica y optimiza al m\u00e1ximo la gesti\u00f3n de su almac\u00e9n. Complejo o sencillo, grande o peque\u00f1o, [&hellip;]<\/p>\n","protected":false},"author":1,"featured_media":0,"parent":0,"menu_order":0,"comment_status":"closed","ping_status":"closed","template":"page-full.php","meta":[],"_links":{"self":[{"href":"https:\/\/mirlaindustry.com\/site\/wp-json\/wp\/v2\/pages\/959"}],"collection":[{"href":"https:\/\/mirlaindustry.com\/site\/wp-json\/wp\/v2\/pages"}],"about":[{"href":"https:\/\/mirlaindustry.com\/site\/wp-json\/wp\/v2\/types\/page"}],"author":[{"embeddable":true,"href":"https:\/\/mirlaindustry.com\/site\/wp-json\/wp\/v2\/users\/1"}],"replies":[{"embeddable":true,"href":"https:\/\/mirlaindustry.com\/site\/wp-json\/wp\/v2\/comments?post=959"}],"version-history":[{"count":1,"href":"https:\/\/mirlaindustry.com\/site\/wp-json\/wp\/v2\/pages\/959\/revisions"}],"predecessor-version":[{"id":960,"href":"https:\/\/mirlaindustry.com\/site\/wp-json\/wp\/v2\/pages\/959\/revisions\/960"}],"wp:attachment":[{"href":"https:\/\/mirlaindustry.com\/site\/wp-json\/wp\/v2\/media?parent=959"}],"curies":[{"name":"wp","href":"https:\/\/api.w.org\/{rel}","templated":true}]}}