{"id":781,"date":"2017-09-24T23:24:24","date_gmt":"2017-09-24T23:24:24","guid":{"rendered":"http:\/\/mirlaindustry.com\/site\/?page_id=781"},"modified":"2017-10-02T04:29:53","modified_gmt":"2017-10-02T04:29:53","slug":"almacen-autoportante","status":"publish","type":"page","link":"https:\/\/mirlaindustry.com\/site\/almacen-autoportante\/","title":{"rendered":"Almac\u00e9n Autoportante"},"content":{"rendered":"<p>&nbsp;<\/p>\n<div class=\"row\">\n<div class=\"col-md-12\">\n<p class=\"lead\" align=\"justify\">Soluci\u00f3n \u00f3ptima para almacenaje a gran altura con el m\u00e1ximo aprovechamiento de la superficie disponible. Posibilidad de utilizar con sistemas tradicionales como autom\u00e1ticos.<\/p>\n<p class=\"lead\" align=\"justify\">Grandes obras de ingenier\u00eda en las que las propias estanter\u00edas forman parte del sistema constructivo del edificio.<\/p>\n<hr \/>\n<div class=\"row\">\n<div class=\"col-md-12\">\n<p class=\"lead\" align=\"justify\"><img loading=\"lazy\" class=\"size-medium wp-image-782 alignleft\" src=\"http:\/\/mirlaindustry.com\/site\/wp-content\/uploads\/2017\/09\/alma0-300x234.jpg\" alt=\"\" width=\"300\" height=\"234\" srcset=\"https:\/\/mirlaindustry.com\/site\/wp-content\/uploads\/2017\/09\/alma0-300x234.jpg 300w, https:\/\/mirlaindustry.com\/site\/wp-content\/uploads\/2017\/09\/alma0.jpg 663w\" sizes=\"(max-width: 300px) 100vw, 300px\" \/>Soluci\u00f3n \u00f3ptima para almacenaje a gran altura con el m\u00e1ximo aprovechamiento de la superficie disponible. Posibilidad de utilizar con sistemas tradicionales como autom\u00e1ticos.<\/p>\n<p class=\"lead\" align=\"justify\">Grandes obras de ingenier\u00eda en las que las propias estanter\u00edas forman parte del sistema constructivo del edificio.<\/p>\n<p align=\"justify\">Adem\u00e1s, la altura de estos almacenes s\u00f3lo est\u00e1 limitada por las normativas locales o por la altura de elevaci\u00f3n de los montacargas o transelevadores. Se pueden construir almacenes de m\u00e1s de 30 m de altura.<\/p>\n<p>&nbsp;<\/p>\n<p><strong>VENTAJAS<\/strong><\/p>\n<ul class=\"list list-icons mt-xl\">\n<li>\n<p align=\"justify\">Almacenaje a gran altura, m\u00e1ximo aprovechamiento de la superficie disponible.<\/p>\n<\/li>\n<li>\n<p align=\"justify\">Posibilitan el almacenaje de mercanc\u00eda de diversa \u00edndole.<\/p>\n<\/li>\n<li>\n<p align=\"justify\">Posibilidad de utilizar sistemas convencionales o autom\u00e1ticos.<\/p>\n<p>&nbsp;<\/li>\n<\/ul>\n<\/div>\n<\/div>\n<style id=\"bwg-style-0\">    #bwg_container1_0 #bwg_container2_0 .bwg-container-0.bwg-standard-thumbnails {      width: 904px;              justify-content: center;        margin:0 auto !important;              background-color: rgba(255, 255, 255, 0.00);            padding-left: 4px;      padding-top: 4px;      max-width: 100%;            }        #bwg_container1_0 #bwg_container2_0 .bwg-container-0.bwg-standard-thumbnails .bwg-item {      justify-content: flex-start;      max-width: 180px;          }    #bwg_container1_0 #bwg_container2_0 .bwg-container-0.bwg-standard-thumbnails .bwg-item > a {       margin-right: 4px;       margin-bottom: 4px;    }    #bwg_container1_0 #bwg_container2_0 .bwg-container-0.bwg-standard-thumbnails .bwg-item0 {      padding: 0px;            background-color:rgba(255,255,255, 0.30);      border: 0px none #CCCCCC;      opacity: 1.00;      border-radius: 0;      box-shadow: 0px 0px 0px #888888;    }    #bwg_container1_0 #bwg_container2_0 .bwg-container-0.bwg-standard-thumbnails .bwg-item1 img {      max-height: none;      max-width: none;      padding: 0 !important;    }        @media only screen and (min-width: 480px) {      #bwg_container1_0 #bwg_container2_0 .bwg-container-0.bwg-standard-thumbnails .bwg-item0 {        transition: all 0.3s ease 0s;-webkit-transition: all 0.3s ease 0s;      }      #bwg_container1_0 #bwg_container2_0 .bwg-container-0.bwg-standard-thumbnails .bwg-item0:hover {        -ms-transform: scale(1.1);        -webkit-transform: scale(1.1);        transform: scale(1.1);      }    }          #bwg_container1_0 #bwg_container2_0 .bwg-container-0.bwg-standard-thumbnails .bwg-item1 {      padding-top: 50%;    }        #bwg_container1_0 #bwg_container2_0 .bwg-container-0.bwg-standard-thumbnails .bwg-title2,    #bwg_container1_0 #bwg_container2_0 .bwg-container-0.bwg-standard-thumbnails .bwg-ecommerce2 {      color: #CCCCCC;      font-family: segoe ui;      font-size: 16px;      font-weight: bold;      padding: 2px;      text-shadow: 0px 0px 0px #888888;      max-height: 100%;    }    #bwg_container1_0 #bwg_container2_0 .bwg-container-0.bwg-standard-thumbnails .bwg-thumb-description span {    color: #323A45;    font-family: Ubuntu;    font-size: 12px;    max-height: 100%;    word-wrap: break-word;    }    #bwg_container1_0 #bwg_container2_0 .bwg-container-0.bwg-standard-thumbnails .bwg-play-icon2 {      font-size: 32px;    }    #bwg_container1_0 #bwg_container2_0 .bwg-container-0.bwg-standard-thumbnails .bwg-ecommerce2 {      font-size: 19.2px;      color: #CCCCCC;    }    <\/style>    <div id=\"bwg_container1_0\"         class=\"bwg_container bwg_thumbnail bwg_thumbnails\"         data-right-click-protection=\"0\"         data-bwg=\"0\"         data-gallery-type=\"thumbnails\"         data-current-url=\"https:\/\/mirlaindustry.com\/site\/wp-json\/wp\/v2\/pages\/781\"         data-lightbox-url=\"https:\/\/mirlaindustry.com\/site\/wp-admin\/admin-ajax.php?action=GalleryBox&#038;current_view=0&#038;gallery_id=8&#038;tag=0&#038;theme_id=1&#038;shortcode_id=8&#038;sort_by=order&#038;order_by=asc&#038;current_url=https%3A%2F%2Fmirlaindustry.com%2Fsite%2Fwp-json%2Fwp%2Fv2%2Fpages%2F781\"         data-gallery-id=\"8\"         data-popup-width=\"800\"         data-popup-height=\"500\"         data-is-album=\"gallery\"         data-buttons-position=\"bottom\">      <div id=\"bwg_container2_0\">             <div id=\"ajax_loading_0\" class=\"bwg_loading_div_1\">      <div class=\"bwg_loading_div_2\">        <div class=\"bwg_loading_div_3\">          <div id=\"loading_div_0\" class=\"bwg_spider_ajax_loading\">          <\/div>        <\/div>      <\/div>    <\/div>            <form id=\"gal_front_form_0\"              class=\"bwg-hidden\"              method=\"post\"              action=\"#\"              data-current=\"0\"              data-shortcode-id=\"8\"              data-gallery-type=\"thumbnails\"              data-gallery-id=\"8\"              data-tag=\"0\"              data-album-id=\"0\"              data-theme-id=\"1\"              data-ajax-url=\"https:\/\/mirlaindustry.com\/site\/wp-admin\/admin-ajax.php?action=bwg_frontend_data\">          <div id=\"bwg_container3_0\" class=\"bwg-background bwg-background-0\">                <div data-max-count=\"5\"         data-thumbnail-width=\"180\"         data-bwg=\"0\"         data-gallery-id=\"8\"         data-lightbox-url=\"https:\/\/mirlaindustry.com\/site\/wp-admin\/admin-ajax.php?action=GalleryBox&amp;current_view=0&amp;gallery_id=8&amp;tag=0&amp;theme_id=1&amp;shortcode_id=8&amp;sort_by=order&amp;order_by=asc&amp;current_url=https%3A%2F%2Fmirlaindustry.com%2Fsite%2Fwp-json%2Fwp%2Fv2%2Fpages%2F781\"         id=\"bwg_thumbnails_0\"         class=\"bwg-container-0 bwg-thumbnails bwg-standard-thumbnails bwg-container bwg-border-box\">            <div class=\"bwg-item\">        <a class=\"bwg-a bwg_lightbox\"  data-image-id=\"25\" href=\"https:\/\/mirlaindustry.com\/site\/wp-content\/uploads\/photo-gallery\/imported_from_media_libray\/\/autoportante_3.jpg\" data-elementor-open-lightbox=\"no\" >                <div class=\"bwg-item0 \">          <div class=\"bwg-item1 \">            <div class=\"bwg-item2\">              <img class=\"skip-lazy bwg_standart_thumb_img_0 \"                   data-id=\"25\"                   data-width=\"\"                   data-height=\"\"                   data-src=\"https:\/\/mirlaindustry.com\/site\/wp-content\/uploads\/photo-gallery\/imported_from_media_libray\/\/thumb\/autoportante_3.jpg\"                   src=\"https:\/\/mirlaindustry.com\/site\/wp-content\/uploads\/photo-gallery\/imported_from_media_libray\/\/thumb\/autoportante_3.jpg\"                   alt=\"Almac\u00e9n Autoportante\" \/>            <\/div>            <div class=\"\">                                                      <\/div>          <\/div>        <\/div>                        <\/a>              <\/div>            <div class=\"bwg-item\">        <a class=\"bwg-a bwg_lightbox\"  data-image-id=\"24\" href=\"https:\/\/mirlaindustry.com\/site\/wp-content\/uploads\/photo-gallery\/imported_from_media_libray\/\/autoportante_2.jpg\" data-elementor-open-lightbox=\"no\" >                <div class=\"bwg-item0 \">          <div class=\"bwg-item1 \">            <div class=\"bwg-item2\">              <img class=\"skip-lazy bwg_standart_thumb_img_0 \"                   data-id=\"24\"                   data-width=\"\"                   data-height=\"\"                   data-src=\"https:\/\/mirlaindustry.com\/site\/wp-content\/uploads\/photo-gallery\/imported_from_media_libray\/\/thumb\/autoportante_2.jpg\"                   src=\"https:\/\/mirlaindustry.com\/site\/wp-content\/uploads\/photo-gallery\/imported_from_media_libray\/\/thumb\/autoportante_2.jpg\"                   alt=\"Almac\u00e9n Autoportante\" \/>            <\/div>            <div class=\"\">                                                      <\/div>          <\/div>        <\/div>                        <\/a>              <\/div>            <div class=\"bwg-item\">        <a class=\"bwg-a bwg_lightbox\"  data-image-id=\"23\" href=\"https:\/\/mirlaindustry.com\/site\/wp-content\/uploads\/photo-gallery\/imported_from_media_libray\/\/autoportante_1.jpg\" data-elementor-open-lightbox=\"no\" >                <div class=\"bwg-item0 \">          <div class=\"bwg-item1 \">            <div class=\"bwg-item2\">              <img class=\"skip-lazy bwg_standart_thumb_img_0 \"                   data-id=\"23\"                   data-width=\"\"                   data-height=\"\"                   data-src=\"https:\/\/mirlaindustry.com\/site\/wp-content\/uploads\/photo-gallery\/imported_from_media_libray\/\/thumb\/autoportante_1.jpg\"                   src=\"https:\/\/mirlaindustry.com\/site\/wp-content\/uploads\/photo-gallery\/imported_from_media_libray\/\/thumb\/autoportante_1.jpg\"                   alt=\"Almac\u00e9n Autoportante\" \/>            <\/div>            <div class=\"\">                                                      <\/div>          <\/div>        <\/div>                        <\/a>              <\/div>          <\/div>    <style>      \/*pagination styles*\/      #bwg_container1_0 #bwg_container2_0 .tablenav-pages_0 {\t\t\t\ttext-align: center;\t\t\t\tfont-size: 12px;\t\t\t\tfont-family: segoe ui;\t\t\t\tfont-weight: bold;\t\t\t\tcolor: #666666;\t\t\t\tmargin: 6px 0 4px;\t\t\t\tdisplay: block;      }      @media only screen and (max-width : 320px) {      #bwg_container1_0 #bwg_container2_0 .displaying-num_0 {     \t display: none;      }      }      #bwg_container1_0 #bwg_container2_0 .displaying-num_0 {\t\t\t\tfont-size: 12px;\t\t\t\tfont-family: segoe ui;\t\t\t\tfont-weight: bold;\t\t\t\tcolor: #666666;\t\t\t\tmargin-right: 10px;\t\t\t\tvertical-align: middle;      }      #bwg_container1_0 #bwg_container2_0 .paging-input_0 {\t\t\t\tfont-size: 12px;\t\t\t\tfont-family: segoe ui;\t\t\t\tfont-weight: bold;\t\t\t\tcolor: #666666;\t\t\t\tvertical-align: middle;      }      #bwg_container1_0 #bwg_container2_0 .tablenav-pages_0 a.disabled,      #bwg_container1_0 #bwg_container2_0 .tablenav-pages_0 a.disabled:hover,      #bwg_container1_0 #bwg_container2_0 .tablenav-pages_0 a.disabled:focus,\t\t\t#bwg_container1_0 #bwg_container2_0 .tablenav-pages_0 input.bwg_current_page {\t\t\t\tcursor: default;\t\t\t\tcolor: rgba(102, 102, 102, 0.5);      }      #bwg_container1_0 #bwg_container2_0 .tablenav-pages_0 a,      #bwg_container1_0 #bwg_container2_0 .tablenav-pages_0 input.bwg_current_page {\t\t\t\tcursor: pointer;\t\t\t\ttext-align: center;\t\t\t\tfont-size: 12px;\t\t\t\tfont-family: segoe ui;\t\t\t\tfont-weight: bold;\t\t\t\tcolor: #666666;\t\t\t\ttext-decoration: none;\t\t\t\tpadding: 3px 6px;\t\t\t\tmargin: 0;\t\t\t\tborder-radius: 0;\t\t\t\tborder-style: solid;\t\t\t\tborder-width: 1px;\t\t\t\tborder-color: #E3E3E3;\t\t\t\tbackground-color: #FFFFFF;\t\t\t\topacity: 1.00;\t\t\t\tbox-shadow: 0;\t\t\t\ttransition: all 0.3s ease 0s;-webkit-transition: all 0.3s ease 0s;      }      <\/style>      <span class=\"bwg_nav_cont_0\">              <div class=\"tablenav-pages_0\">                  <\/div>                <input type=\"hidden\" id=\"page_number_0\" name=\"page_number_0\" value=\"1\" \/>      <script type=\"text\/javascript\">        function spider_page_0(cur, x, y, load_more) {          if (typeof load_more == \"undefined\") {            var load_more = false;          }          if (jQuery(cur).hasClass('disabled')) {            return false;          }          var items_county_0 = 1;          switch (y) {            case 1:              if (x >= items_county_0) {                document.getElementById('page_number_0').value = items_county_0;              }              else {                document.getElementById('page_number_0').value = x + 1;              }              break;            case 2:              document.getElementById('page_number_0').value = items_county_0;              break;            case -1:              if (x == 1) {                document.getElementById('page_number_0').value = 1;              }              else {                document.getElementById('page_number_0').value = x - 1;              }              break;            case -2:              document.getElementById('page_number_0').value = 1;              break;\t\t\t\t\t\tcase 0:              document.getElementById('page_number_0').value = x;              break;            default:              document.getElementById('page_number_0').value = 1;          }          bwg_ajax('gal_front_form_0', '0', 'bwg_thumbnails_0', '0', '', 'gallery', 0, '', '', load_more, '', 1);        }                    jQuery('.first-page-0').on('click', function () {              spider_page_0(this, 1, -2, 'numeric');              return false;            });            jQuery('.prev-page-0').on('click', function () {              spider_page_0(this, 1, -1, 'numeric');              return false;            });            jQuery('.next-page-0').on('click', function () {              spider_page_0(this, 1, 1, 'numeric');              return false;            });            jQuery('.last-page-0').on('click', function () {              spider_page_0(this, 1, 2, 'numeric');              return false;            });        \t\t\t\t\/* Change page on input enter. *\/        function bwg_change_page_0( e, that ) {          if (  e.key == 'Enter' ) {            var to_page = parseInt(jQuery(that).val());            var pages_count = jQuery(that).parents(\".pagination-links\").data(\"pages-count\");            var current_url_param = jQuery(that).attr('data-url-info');            if (to_page > pages_count) {              to_page = 1;            }\t \t\t\t\t\t\t\t\t\t\t\t\tspider_page_0(this, to_page, 0, 'numeric');\t\t\t\t\t\t\treturn false;\t\t\t\t\t\t          }          return true;        }        jQuery('.bwg_load_btn_0').on('click', function () {            spider_page_0(this, 1, 1, true);            return false;        });      <\/script>      <\/span>                <\/div>        <\/form>          <style>          #bwg_container1_0 #bwg_container2_0 #spider_popup_overlay_0 {          background-color: #000000;          opacity: 0.70;          }          <\/style>        <div id=\"bwg_spider_popup_loading_0\" class=\"bwg_spider_popup_loading\"><\/div>        <div id=\"spider_popup_overlay_0\" class=\"spider_popup_overlay\" onclick=\"spider_destroypopup(1000)\"><\/div>        <input type=\"hidden\" id=\"bwg_random_seed_0\" value=\"147652704\">                <\/div>    <\/div>    <script>      if (document.readyState === 'complete') {        if( typeof bwg_main_ready == 'function' ) {          if ( jQuery(\"#bwg_container1_0\").height() ) {            bwg_main_ready(jQuery(\"#bwg_container1_0\"));          }        }      } else {        document.addEventListener('DOMContentLoaded', function() {          if( typeof bwg_main_ready == 'function' ) {            if ( jQuery(\"#bwg_container1_0\").height() ) {             bwg_main_ready(jQuery(\"#bwg_container1_0\"));            }          }        });      }    <\/script>    \n<\/div>\n<\/div>\n","protected":false},"excerpt":{"rendered":"<p>&nbsp; Soluci\u00f3n \u00f3ptima para almacenaje a gran altura con el m\u00e1ximo aprovechamiento de la superficie disponible. Posibilidad de utilizar con sistemas tradicionales como autom\u00e1ticos. Grandes obras de ingenier\u00eda en las que las propias estanter\u00edas forman parte del sistema constructivo del edificio. Soluci\u00f3n \u00f3ptima para almacenaje a gran altura con el m\u00e1ximo aprovechamiento de la superficie [&hellip;]<\/p>\n","protected":false},"author":1,"featured_media":881,"parent":0,"menu_order":0,"comment_status":"closed","ping_status":"closed","template":"page-full.php","meta":[],"_links":{"self":[{"href":"https:\/\/mirlaindustry.com\/site\/wp-json\/wp\/v2\/pages\/781"}],"collection":[{"href":"https:\/\/mirlaindustry.com\/site\/wp-json\/wp\/v2\/pages"}],"about":[{"href":"https:\/\/mirlaindustry.com\/site\/wp-json\/wp\/v2\/types\/page"}],"author":[{"embeddable":true,"href":"https:\/\/mirlaindustry.com\/site\/wp-json\/wp\/v2\/users\/1"}],"replies":[{"embeddable":true,"href":"https:\/\/mirlaindustry.com\/site\/wp-json\/wp\/v2\/comments?post=781"}],"version-history":[{"count":3,"href":"https:\/\/mirlaindustry.com\/site\/wp-json\/wp\/v2\/pages\/781\/revisions"}],"predecessor-version":[{"id":884,"href":"https:\/\/mirlaindustry.com\/site\/wp-json\/wp\/v2\/pages\/781\/revisions\/884"}],"wp:featuredmedia":[{"embeddable":true,"href":"https:\/\/mirlaindustry.com\/site\/wp-json\/wp\/v2\/media\/881"}],"wp:attachment":[{"href":"https:\/\/mirlaindustry.com\/site\/wp-json\/wp\/v2\/media?parent=781"}],"curies":[{"name":"wp","href":"https:\/\/api.w.org\/{rel}","templated":true}]}}